{"id":2452,"date":"2022-08-05T10:31:47","date_gmt":"2022-08-05T07:31:47","guid":{"rendered":"http:\/\/kaymuder.com\/?page_id=2452"},"modified":"2022-10-10T17:52:19","modified_gmt":"2022-10-10T14:52:19","slug":"yonetim-kurulu-uyeleri","status":"publish","type":"page","link":"https:\/\/kaymuder.com\/index.php\/yonetim-kurulu-uyeleri\/","title":{"rendered":"Y\u00f6netim Kurulu \u00dcyeleri"},"content":{"rendered":"\r\n<table>\r\n<tbody>\r\n<tr>\r\n<td colspan=\"3\" width=\"465\">\r\n<p><strong>KURUCULAR VE GE\u00c7\u0130C\u0130 Y\u00d6NET\u0130M KURULU \u00dcYE L\u0130STES\u0130<\/strong><\/p>\r\n<\/td>\r\n<\/tr>\r\n<tr>\r\n<td width=\"59\">\r\n<p>&nbsp;<\/p>\r\n<\/td>\r\n<td width=\"196\">\r\n<p><strong>ADI SOYADI<\/strong><\/p>\r\n<\/td>\r\n<td width=\"210\">\r\n<p><strong>G\u00d6REV\u0130<\/strong><\/p>\r\n<\/td>\r\n<\/tr>\r\n<tr>\r\n<td width=\"59\">\r\n<p>1.\u00a0\u00a0\u00a0 \u00a0<\/p>\r\n<\/td>\r\n<td width=\"196\">\r\n<p>G\u00d6KER G\u00d6Z\u00dcTOK<\/p>\r\n<\/td>\r\n<td width=\"210\">\r\n<p>BA\u015eKAN<\/p>\r\n<p>&nbsp;<\/p>\r\n<\/td>\r\n<\/tr>\r\n<tr>\r\n<td width=\"59\">\r\n<p>2.\u00a0\u00a0\u00a0 \u00a0<\/p>\r\n<\/td>\r\n<td width=\"196\">\r\n<p>\u015eAH\u0130N \u00dcLKER<\/p>\r\n<\/td>\r\n<td width=\"210\">\r\n<p>BA\u015eKAN YARDIMCISI<\/p>\r\n<p>&nbsp;<\/p>\r\n<\/td>\r\n<\/tr>\r\n<tr>\r\n<td width=\"59\">\r\n<p>3.\u00a0\u00a0\u00a0 \u00a0<\/p>\r\n<\/td>\r\n<td width=\"196\">\r\n<p>RAMAZAN B\u00dcLB\u00dcL<\/p>\r\n<\/td>\r\n<td width=\"210\">\r\n<p>BA\u015eKAN YARDIMCISI<\/p>\r\n<p>&nbsp;<\/p>\r\n<\/td>\r\n<\/tr>\r\n<tr>\r\n<td width=\"59\">\r\n<p>4.\u00a0\u00a0\u00a0 \u00a0<\/p>\r\n<\/td>\r\n<td width=\"196\">\r\n<p>G\u00d6KHAN KAZANCI<\/p>\r\n<\/td>\r\n<td width=\"210\">\r\n<p>SEKRETER<\/p>\r\n<p>&nbsp;<\/p>\r\n<\/td>\r\n<\/tr>\r\n<tr>\r\n<td width=\"59\">\r\n<p>5.\u00a0\u00a0\u00a0 \u00a0<\/p>\r\n<\/td>\r\n<td width=\"196\">\r\n<p>OSMAN SEVG\u0130L\u0130<\/p>\r\n<\/td>\r\n<td width=\"210\">\r\n<p>SAYMAN<\/p>\r\n<p>&nbsp;<\/p>\r\n<\/td>\r\n<\/tr>\r\n<tr>\r\n<td width=\"59\">\r\n<p>6.\u00a0\u00a0\u00a0 \u00a0<\/p>\r\n<\/td>\r\n<td width=\"196\">\r\n<p>SEDAT \u00c7AKIRO\u011eLU<\/p>\r\n<\/td>\r\n<td width=\"210\">\r\n<p>KURUCU \u00dcYE<\/p>\r\n<p>&nbsp;<\/p>\r\n<\/td>\r\n<\/tr>\r\n<tr>\r\n<td width=\"59\">\r\n<p>7.\u00a0\u00a0\u00a0 \u00a0<\/p>\r\n<\/td>\r\n<td width=\"196\">\r\n<p>MURAT SUNGUR<\/p>\r\n<\/td>\r\n<td width=\"210\">\r\n<p>KURUCU \u00dcYE<\/p>\r\n<p>&nbsp;<\/p>\r\n<\/td>\r\n<\/tr>\r\n<\/tbody>\r\n<\/table>\r\n<table>\r\n<tbody>\r\n<tr>\r\n<td width=\"59\">\r\n<p>8.\u00a0\u00a0<\/p>\r\n<\/td>\r\n<td width=\"196\">\r\n<p>&nbsp;<\/p>\r\n<p>MEHMET AK\u0130F SAY<\/p>\r\n<\/td>\r\n<td width=\"210\">\r\n<p>&nbsp;<\/p>\r\n<p>KURUCU \u00dcYE\u00a0<\/p>\r\n<\/td>\r\n<\/tr>\r\n<tr>\r\n<td width=\"59\">9.<\/td>\r\n<td width=\"196\">\u00d6NDER SAM\u0130 \u00c7EL\u0130K<\/td>\r\n<td width=\"210\">\r\n<p>\u00a0\u00dcYE<\/p>\r\n<\/td>\r\n<\/tr>\r\n<tr>\r\n<td width=\"59\">10.<\/td>\r\n<td width=\"196\">MAHMUT SAL\u0130H KO\u00c7AK<\/td>\r\n<td width=\"210\">\r\n<p>\u00dcYE<\/p>\r\n<p>&nbsp;<\/p>\r\n<\/td>\r\n<\/tr>\r\n<tr>\r\n<td width=\"59\">11.<\/td>\r\n<td width=\"196\">EBUBEK\u0130R B\u00dcLB\u00dcL<\/td>\r\n<td width=\"210\">\u00dcYE<\/td>\r\n<\/tr>\r\n<tr>\r\n<td width=\"59\">12.<\/td>\r\n<td width=\"196\">YAKUP BAYRAKDAR<\/td>\r\n<td width=\"210\">\u00dcYE<\/td>\r\n<\/tr>\r\n<tr>\r\n<td width=\"59\">13.<\/td>\r\n<td width=\"196\">F\u0130KRET \u00d6ZD\u0130N<\/td>\r\n<td width=\"210\">\u00dcYE<\/td>\r\n<\/tr>\r\n<tr>\r\n<td width=\"59\">14.<\/td>\r\n<td width=\"196\">AL\u0130 \u00d6ZCAN<\/td>\r\n<td width=\"210\">\u00dcYE<\/td>\r\n<\/tr>\r\n<\/tbody>\r\n<\/table>\r\n<table>\r\n<tbody>\r\n<tr>\r\n<td width=\"59\">15.<\/td>\r\n<td width=\"196\">YAHYA RIZA SEVG\u0130L\u0130<\/td>\r\n<td width=\"210\">\u00dcYE<\/td>\r\n<\/tr>\r\n<tr>\r\n<td width=\"59\">\u00a0<\/td>\r\n<td width=\"196\">\u00a0<\/td>\r\n<td width=\"210\">\u00a0<\/td>\r\n<\/tr>\r\n<tr>\r\n<td width=\"59\">\u00a0<\/td>\r\n<td width=\"196\">\u00a0<\/td>\r\n<td width=\"210\">\u00a0<\/td>\r\n<\/tr>\r\n<\/tbody>\r\n<\/table>\r\n","protected":false},"excerpt":{"rendered":"<p>KURUCULAR VE GE\u00c7\u0130C\u0130 Y\u00d6NET\u0130M KURULU \u00dcYE L\u0130STES\u0130 &nbsp; ADI SOYADI G\u00d6REV\u0130 1.\u00a0\u00a0\u00a0 \u00a0 G\u00d6KER G\u00d6Z\u00dcTOK BA\u015eKAN &nbsp; 2.\u00a0\u00a0\u00a0 \u00a0 \u015eAH\u0130N \u00dcLKER BA\u015eKAN YARDIMCISI &nbsp; 3.\u00a0\u00a0\u00a0 \u00a0<span class=\"excerpt-hellip\"> [\u2026]<\/span><\/p>\n","protected":false},"author":1,"featured_media":0,"parent":0,"menu_order":0,"comment_status":"closed","ping_status":"open","template":"","meta":{"footnotes":""},"class_list":["post-2452","page","type-page","status-publish","hentry"],"_links":{"self":[{"href":"https:\/\/kaymuder.com\/index.php\/wp-json\/wp\/v2\/pages\/2452","targetHints":{"allow":["GET"]}}],"collection":[{"href":"https:\/\/kaymuder.com\/index.php\/wp-json\/wp\/v2\/pages"}],"about":[{"href":"https:\/\/kaymuder.com\/index.php\/wp-json\/wp\/v2\/types\/page"}],"author":[{"embeddable":true,"href":"https:\/\/kaymuder.com\/index.php\/wp-json\/wp\/v2\/users\/1"}],"replies":[{"embeddable":true,"href":"https:\/\/kaymuder.com\/index.php\/wp-json\/wp\/v2\/comments?post=2452"}],"version-history":[{"count":9,"href":"https:\/\/kaymuder.com\/index.php\/wp-json\/wp\/v2\/pages\/2452\/revisions"}],"predecessor-version":[{"id":2536,"href":"https:\/\/kaymuder.com\/index.php\/wp-json\/wp\/v2\/pages\/2452\/revisions\/2536"}],"wp:attachment":[{"href":"https:\/\/kaymuder.com\/index.php\/wp-json\/wp\/v2\/media?parent=2452"}],"curies":[{"name":"wp","href":"https:\/\/api.w.org\/{rel}","templated":true}]}}